{"id":50,"date":"2018-12-16T16:41:21","date_gmt":"2018-12-16T16:41:21","guid":{"rendered":"http:\/\/andrea-niemann.de\/?page_id=50"},"modified":"2026-04-20T20:29:01","modified_gmt":"2026-04-20T20:29:01","slug":"impressum","status":"publish","type":"page","link":"https:\/\/andrea-niemann.de\/?page_id=50","title":{"rendered":"Impressum"},"content":{"rendered":"<p class=\"paragraph_style_1\">Verantwortlicher f\u00fcr den Inhalt der Homepage gem\u00e4\u00df \u00a7 55 Abs. 2 Rundfunkstaatsvertrag ist Dr.med. Andrea Niemann.<\/p>\n<p class=\"paragraph_style_1\">F\u00fcr den Inhalt von Seiten, auf welche diese Internetseite verweist, kann keine Verantwortung \u00fcbernommen werden. Sollte Ihnen etwas auffallen, so bitten wir um Nachricht, um den Verweis ggf. zu \u00e4ndern oder zu l\u00f6schen.<\/p>\n<p class=\"paragraph_style_1\">Fragen zur Berufshaftpflicht und deren Geltungsbereich k\u00f6nnen in der Praxis erfragt werden.<\/p>\n<p class=\"paragraph_style_1\">Angaben gem\u00e4\u00df \u00a75 Telemediengesetz:<\/p>\n<ol>\n<li style=\"list-style-type: none;\">\n<ol>\n<li class=\"full-width\" value=\"1\">\n<p class=\"paragraph_style_2\"><span class=\"Aufz\u00e4hlungszeichen\">1.<\/span>Die verliehene Berufsbezeichnung des Betreibers ist \u00c4rztin. Die Facharztbezeichnung ist Fach\u00e4rztin f\u00fcr Allgemeinmedizin, verliehen durch die Bezirks\u00e4rztekammer Baden-W\u00fcrttemberg in der Bundesrepublik Deutschland.<\/p>\n<\/li>\n<\/ol>\n<\/li>\n<\/ol>\n<ol>\n<li style=\"list-style-type: none;\">\n<ol>\n<li class=\"full-width\" value=\"2\">\n<p class=\"paragraph_style_2\"><span class=\"Aufz\u00e4hlungszeichen\">2.<\/span>Eine Kontaktaufnahme ist \u00fcber die eMail Adresse: <a href=\"mailto:praxis@andrea-niemann.de\">praxis@andrea-niemann.de<\/a> m\u00f6glich. Eine Kommunikation zur Kl\u00e4rung medizinischer Sachverhalte und Rezeptbestellung sollte pers\u00f6nlich erfolgen.<\/p>\n<\/li>\n<\/ol>\n<\/li>\n<\/ol>\n<ol>\n<li style=\"list-style-type: none;\">\n<ol>\n<li class=\"full-width\" value=\"3\">\n<p class=\"paragraph_style_2\"><span class=\"Aufz\u00e4hlungszeichen\">3.<\/span>Kontaktdaten: Praxis f\u00fcr Allgmeinmedizin Dr. med. Andrea Niemann Hauptstra\u00dfe 69 71642 Ludwigsburg\u00a0 Telefon: 07141 4884099<\/p>\n<\/li>\n<\/ol>\n<\/li>\n<\/ol>\n<ol>\n<li style=\"list-style-type: none;\">\n<ol>\n<li class=\"full-width\" value=\"4\">\n<p class=\"paragraph_style_2\"><span class=\"Aufz\u00e4hlungszeichen\">4.<\/span>Zust\u00e4ndige Kassen\u00e4rztliche Vereinigung ist die Kassen\u00e4rztliche Vereinigung Baden-W\u00fcrttemberg (<a title=\"http:\/\/www.kvbawue.de\" href=\"http:\/\/www.kvbawue.de\">www.kvbawue.de<\/a>), die zust\u00e4ndige \u00c4rztekammer die \u00c4rztekammer Baden-W\u00fcrttemberg (<a title=\"http:\/\/www.aerztekammer-bw.de\" href=\"http:\/\/www.aerztekammer-bw.de\">www.aerztekammer-bw.de<\/a>). Die Betriebsst\u00e4ttennummer lautet 618547300.<\/p>\n<\/li>\n<\/ol>\n<\/li>\n<\/ol>\n<ol>\n<li style=\"list-style-type: none;\">\n<ol>\n<li class=\"full-width\" value=\"5\">\n<p class=\"paragraph_style_2\"><span class=\"Aufz\u00e4hlungszeichen\">5.<\/span>Berufsrechtliche Regelungen, wie z.B. die Berufsordnung k\u00f6nnen unter <a title=\"http:\/\/www.aerztekammer-bw.de\" href=\"http:\/\/www.aerztekammer-bw.de\">http:\/\/www.aerztekammer-bw.de\/20\/arztrecht\/05kammerrecht\/index.html<\/a> eingesehen werden.<\/p>\n<\/li>\n<\/ol>\n<\/li>\n<\/ol>\n<ol>\n<li class=\"full-width\" value=\"6\">\n<p class=\"paragraph_style_2\"><span class=\"Aufz\u00e4hlungszeichen\">6.<\/span>Verantwortlich f\u00fcr den Inhalt im Sinne des \u00a755 Abs. 2 RStV ist Dr. med. Andrea Niemann.<\/p>\n<\/li>\n<\/ol>\n<p class=\"paragraph_style_3\">Haftungsausschluss:<\/p>\n<p class=\"paragraph_style_3\">Die Inhalte unserer Seiten wurden mit gr\u00f6\u00dfter Sorgfalt erstellt. F\u00fcr die Richtigkeit, Vollst\u00e4ndigkeit und Aktualit\u00e4t der Inhalte k\u00f6nnen wir jedoch keine Gew\u00e4hr \u00fcbernehmen. Als Dienstanbieter sind wir gem\u00e4\u00df \u00a77 Abs. 1 TMG f\u00fcr einige Inhalte nach den allgemeinen Gesetzen verantwortlich. Nach \u00a7\u00a78 bis 10 TMG sind wir jedoch nicht verpflichtet, \u00fcbermittelte oder gespeicherte Inhalte\u00a0 \/ Informationen zu \u00fcberwachen oder nach Umst\u00e4nden zu forschen, die auf rechtswidrige T\u00e4tigkeit hinweisen. Verpflichtungen zur Entfernung oder Sperrung der Nutzung von Informationen nach den allgemeinen Gesetzen bleiben hiervon unber\u00fchrt. Eine diesbez\u00fcgliche Haftung ist jedoch erst ab dem Zeitpunkt der Kenntnis einer konkreten Rechtsverletzung m\u00f6glich. Bei Bekanntwerden von entsprechenden Rechtsverletzungen werden die Inhalte umgehend entfernt.<\/p>\n<p class=\"paragraph_style_3\">Haftung f\u00fcr Links:<\/p>\n<p class=\"paragraph_style_3\">Unser Angebot enth\u00e4lt Links zu externen Webseiten Dritter, auf deren Inhalte wir keinen Einfluss haben. Deshalb k\u00f6nnen wir f\u00fcr diese fremden Inhalte keine Gew\u00e4hr \u00fcbernehmen. F\u00fcr die Inhalte der verlinkten Seiten ist stets der Betreiber der Seiten verantwortlich. Die verlinkten Seiten wurden zum Zeitpunkt der Verlinkung auf m\u00f6gliche Rechtsverst\u00f6\u00dfe gepr\u00fcft. Rechtswidrige Inhalte waren zum Zeitpunkt der Verlinkung nicht erkennbar. Eine permanente inhaltliche Kontrolle der verlinkten Seiten ist jedoch ohne Anhaltspunkte einer Rechtsverletzung nicht zumutbar. Bei Bekanntwerden von Rechtsverletzungen werden derartige Links entfernt.<\/p>\n<p class=\"paragraph_style_3\">Urheberrecht:<\/p>\n<p class=\"paragraph_style_3\">Die durch die Seitenbetreiber erstellten Inhalte und Werke auf diesen Seiten unterliegen dem deutschen Urheberrecht. Die Vervielf\u00e4ltigung, Bearbeitung, Verbreitung und jede Art der Verwertung au\u00dferhalb der Grenzen des Urheberrechtes bed\u00fcrfen der schriftlichen Zustimmung des Autors, bzw. Erstellers. Downloads und Kopien dieser Seite sind nur f\u00fcr den privaten, nicht f\u00fcr den kommerziellen Gebrauch gestattet. Soweit die Inhalte auf dieser Seite nicht vom Betreibers erstellt wurden, werden die Urheberrechte Dritter beachtet. Insbesondere werden Inhalte Dritter als solche gekennzeichnet. Sollten Sie trotzdem auf eine Urheberrechtsverletzung aufmerksam werden, bitten wir um einen entsprechenden Hinweis. Bei Bekanntwerden einer derartigen Verletzung werden entsprechende Inhalte entfernt.<\/p>\n<p class=\"paragraph_style_3\">Datenschutz:<\/p>\n<p class=\"paragraph_style_3\">Die Nutzung der Webseite ist in der Regel ohne Angabe personenbezogener Daten m\u00f6glich. Soweit auf unseren Seiten personenbezogene Daten (beispielsweise Name, Anschrift oder eMail-Adresse) erhoben werden, erfolgt dies auf freiwilliger Basis. Diese Daten werden ohne Ihre ausdr\u00fcckliche Zustimmung nicht an Dritte weitergegeben.<\/p>\n<p class=\"paragraph_style_3\">Wir weisen darauf hin, dass Daten\u00fcbertragung im Internet Sicherheitsl\u00fccken aufweisen kann. Ein l\u00fcckenloser Schutz der Daten vor dem Zugriff durch Dritte ist nicht m\u00f6glich.<\/p>\n<p class=\"paragraph_style_3\">Der Nutzung von im Rahmen der Impressumspflicht ver\u00f6ffentlichten Kontaktdaten durch Dritte zur \u00dcbersendung von nicht ausdr\u00fccklich angeforderter Werbung wird hiermit ausdr\u00fccklich widersprochen. Der Betreiber dieser Seite beh\u00e4lt sich ausdr\u00fccklich rechtliche Schritte im Falle der unverlangten Zusendung von Werbeinformationen, etwa Spam-Mails, vor.<\/p>\n\n\n<p><\/p>\n","protected":false},"excerpt":{"rendered":"<p>Verantwortlicher f\u00fcr den Inhalt der Homepage gem\u00e4\u00df \u00a7 55 Abs. 2 Rundfunkstaatsvertrag ist Dr.med. Andrea Niemann. F\u00fcr den Inhalt von Seiten, auf welche diese Internetseite verweist, kann keine Verantwortung \u00fcbernommen werden. Sollte Ihnen etwas auffallen, so bitten wir um Nachricht, &hellip; <a href=\"https:\/\/andrea-niemann.de\/?page_id=50\">Weiterlesen <span class=\"meta-nav\">&rarr;<\/span><\/a><\/p>\n","protected":false},"author":1,"featured_media":0,"parent":0,"menu_order":0,"comment_status":"closed","ping_status":"closed","template":"","meta":{"footnotes":""},"class_list":["post-50","page","type-page","status-publish","hentry"],"_links":{"self":[{"href":"https:\/\/andrea-niemann.de\/index.php?rest_route=\/wp\/v2\/pages\/50","targetHints":{"allow":["GET"]}}],"collection":[{"href":"https:\/\/andrea-niemann.de\/index.php?rest_route=\/wp\/v2\/pages"}],"about":[{"href":"https:\/\/andrea-niemann.de\/index.php?rest_route=\/wp\/v2\/types\/page"}],"author":[{"embeddable":true,"href":"https:\/\/andrea-niemann.de\/index.php?rest_route=\/wp\/v2\/users\/1"}],"replies":[{"embeddable":true,"href":"https:\/\/andrea-niemann.de\/index.php?rest_route=%2Fwp%2Fv2%2Fcomments&post=50"}],"version-history":[{"count":6,"href":"https:\/\/andrea-niemann.de\/index.php?rest_route=\/wp\/v2\/pages\/50\/revisions"}],"predecessor-version":[{"id":1211,"href":"https:\/\/andrea-niemann.de\/index.php?rest_route=\/wp\/v2\/pages\/50\/revisions\/1211"}],"wp:attachment":[{"href":"https:\/\/andrea-niemann.de\/index.php?rest_route=%2Fwp%2Fv2%2Fmedia&parent=50"}],"curies":[{"name":"wp","href":"https:\/\/api.w.org\/{rel}","templated":true}]}}