{"id":87,"date":"2019-01-07T20:09:52","date_gmt":"2019-01-07T20:09:52","guid":{"rendered":"http:\/\/andrea-niemann.de\/?page_id=87"},"modified":"2020-02-02T11:04:03","modified_gmt":"2020-02-02T11:04:03","slug":"ihre-hausaerztin","status":"publish","type":"page","link":"https:\/\/andrea-niemann.de\/?page_id=87","title":{"rendered":"Ihre Haus\u00e4rztin"},"content":{"rendered":"\n<p>Liebe Patienten,<\/p>\n\n\n\n<div class=\"wp-block-image\"><figure class=\"alignright\"><img loading=\"lazy\" decoding=\"async\" width=\"344\" height=\"399\" src=\"https:\/\/andrea-niemann.de\/wp-content\/uploads\/2019\/05\/Dr_Andrea_Niemann.jpg\" alt=\"Dr. med. Andrea Niemann\" class=\"wp-image-1159\" srcset=\"https:\/\/andrea-niemann.de\/wp-content\/uploads\/2019\/05\/Dr_Andrea_Niemann.jpg 344w, https:\/\/andrea-niemann.de\/wp-content\/uploads\/2019\/05\/Dr_Andrea_Niemann-259x300.jpg 259w\" sizes=\"auto, (max-width: 344px) 100vw, 344px\" \/><figcaption>Dr. med. Andrea Niemann\nHaus\u00e4rztin\nHauptstra\u00dfe 69\n71642 Neckarweihingen<\/figcaption><\/figure><\/div>\n\n\n\n<p>ich freue mich, bei Ihnen in Neckarweihingen Ihre Haus\u00e4rztin zu sein. <\/p>\n\n\n\n<p>Ein langer Aus-, Weiterbildungs- und Arbeitsweg mit Stationen in Freiburg, Berlin, Lausanne, Wien, Dakar, Montreal, Pompaples, Heppenheim, Stuttgart, Heilbronn, Marbach, Shanghai, Oberstenfeld und wieder Marbach f\u00fchrt mich zu Ihnen &#8211; jetzt m\u00f6chte ich bleiben.<\/p>\n\n\n\n<p>Ich biete Ihnen eine ganzheitliche haus\u00e4rztliche Versorgung mit dem breiten Spektrum der Allgemeinmedizin. Zus\u00e4tzlich kann ich Ihnen mit reisemedizinischer Beratung helfen, auch international gesund zu bleiben. Akupunktur erg\u00e4nzt meine Behandlungen mit alternativmedizinischen Methoden. <\/p>\n\n\n\n<p> Zusammen mit Ihnen suche ich individuelle L\u00f6sungswege, dabei hilft mir mein Leitspruch &#8211; Der ganze Mensch im Mittelpunkt. <\/p>\n\n\n\n<p><\/p>\n","protected":false},"excerpt":{"rendered":"<p>Liebe Patienten, ich freue mich, bei Ihnen in Neckarweihingen Ihre Haus\u00e4rztin zu sein. Ein langer Aus-, Weiterbildungs- und Arbeitsweg mit Stationen in Freiburg, Berlin, Lausanne, Wien, Dakar, Montreal, Pompaples, Heppenheim, Stuttgart, Heilbronn, Marbach, Shanghai, Oberstenfeld und wieder Marbach f\u00fchrt mich &hellip; <a href=\"https:\/\/andrea-niemann.de\/?page_id=87\">Weiterlesen <span class=\"meta-nav\">&rarr;<\/span><\/a><\/p>\n","protected":false},"author":1,"featured_media":121,"parent":0,"menu_order":0,"comment_status":"closed","ping_status":"closed","template":"","meta":{"footnotes":""},"class_list":["post-87","page","type-page","status-publish","has-post-thumbnail","hentry"],"_links":{"self":[{"href":"https:\/\/andrea-niemann.de\/index.php?rest_route=\/wp\/v2\/pages\/87","targetHints":{"allow":["GET"]}}],"collection":[{"href":"https:\/\/andrea-niemann.de\/index.php?rest_route=\/wp\/v2\/pages"}],"about":[{"href":"https:\/\/andrea-niemann.de\/index.php?rest_route=\/wp\/v2\/types\/page"}],"author":[{"embeddable":true,"href":"https:\/\/andrea-niemann.de\/index.php?rest_route=\/wp\/v2\/users\/1"}],"replies":[{"embeddable":true,"href":"https:\/\/andrea-niemann.de\/index.php?rest_route=%2Fwp%2Fv2%2Fcomments&post=87"}],"version-history":[{"count":10,"href":"https:\/\/andrea-niemann.de\/index.php?rest_route=\/wp\/v2\/pages\/87\/revisions"}],"predecessor-version":[{"id":1166,"href":"https:\/\/andrea-niemann.de\/index.php?rest_route=\/wp\/v2\/pages\/87\/revisions\/1166"}],"wp:featuredmedia":[{"embeddable":true,"href":"https:\/\/andrea-niemann.de\/index.php?rest_route=\/wp\/v2\/media\/121"}],"wp:attachment":[{"href":"https:\/\/andrea-niemann.de\/index.php?rest_route=%2Fwp%2Fv2%2Fmedia&parent=87"}],"curies":[{"name":"wp","href":"https:\/\/api.w.org\/{rel}","templated":true}]}}